{"id":46,"date":"2022-12-29T20:11:55","date_gmt":"2022-12-29T20:11:55","guid":{"rendered":"https:\/\/bemore-instruments.de\/?page_id=46"},"modified":"2022-12-29T20:24:44","modified_gmt":"2022-12-29T20:24:44","slug":"home","status":"publish","type":"page","link":"https:\/\/bemore-instruments.de\/","title":{"rendered":"Home"},"content":{"rendered":"<p><b>Touchscreen-Bildschirm<br \/>\n<\/b>15,4&#8221;<\/p>\n<p>Eine wirklich unkomplizierte Bedienung \u00fcber den gr\u00f6\u00dften und logischsten Touchscreen-Bildschirm, den es bei einer Orgel gibt (15,4&#8221; gestrecktes Touchdisplay).<\/p>\n<p><b>Leichte Bedienbarkeit<br \/>\nmodernste Technologie<\/b><\/p>\n<p>Weil die Bemore Orgeln nicht am sprichw\u00f6rtlichen gr\u00fcnen Tisch und allein von Technikern im ,,dunklen K\u00e4mmerlein&#8221; entwickelt, sondern es flossen viele Ideen und W\u00fcnsche von Hobby-Spielern und Profis mit ein.<\/p>\n<p><b>Voreinstellungen Generation 2.0<br \/>\n<\/b>Schneller als das Licht<\/p>\n<p><img data-opt-id=644982490  fetchpriority=\"high\" decoding=\"async\" class=\"alignnone size-medium wp-image-50\" src=\"https:\/\/mllnxkqaxdhg.i.optimole.com\/w:300\/h:29\/q:mauto\/f:best\/https:\/\/bemore-instruments.de\/wp-content\/uploads\/2022\/12\/bus-bemore-music-system.jpg\" alt=\"\" width=\"300\" height=\"29\" srcset=\"https:\/\/mllnxkqaxdhg.i.optimole.com\/w:300\/h:29\/q:mauto\/f:best\/https:\/\/bemore-instruments.de\/wp-content\/uploads\/2022\/12\/bus-bemore-music-system-scaled.jpg 300w, https:\/\/mllnxkqaxdhg.i.optimole.com\/w:1024\/h:99\/q:mauto\/f:best\/https:\/\/bemore-instruments.de\/wp-content\/uploads\/2022\/12\/bus-bemore-music-system-scaled.jpg 1024w, https:\/\/mllnxkqaxdhg.i.optimole.com\/w:768\/h:74\/q:mauto\/f:best\/https:\/\/bemore-instruments.de\/wp-content\/uploads\/2022\/12\/bus-bemore-music-system-scaled.jpg 768w, https:\/\/mllnxkqaxdhg.i.optimole.com\/w:1536\/h:149\/q:mauto\/f:best\/https:\/\/bemore-instruments.de\/wp-content\/uploads\/2022\/12\/bus-bemore-music-system-scaled.jpg 1536w, https:\/\/mllnxkqaxdhg.i.optimole.com\/w:1920\/h:185\/q:mauto\/f:best\/https:\/\/bemore-instruments.de\/wp-content\/uploads\/2022\/12\/bus-bemore-music-system-scaled.jpg 2048w\" sizes=\"(max-width: 300px) 100vw, 300px\" \/><\/p>\n<p>Dieser Ansatz bietet Ihnen viele Vorteile und die M\u00f6glichkeit, dieses Instrument an Ihren pers\u00f6nlichen Geschmack anzupassen. Dies alles kann m\u00fchelos vom Bildschirm aus durchgef\u00fchrt werden.<\/p>\n<p><b>Qualit\u00e4t<br \/>\n<\/b>verleiht Ihren Seelenfrieden<\/p>\n<p>Wir f\u00fchlen uns unserem Produkt verpflichtet. Viele Jahre der Entwicklung und umfangreiche Tests von Profis und Instrumentalisten stecke darin. Bemore Instruments steht f\u00fcr Qualit\u00e4t und Zuverl\u00e4ssigkeit.<\/p>\n<p><b>Extrem stabile Elektronik<br \/>\n<\/b>Bemore Elektronik<\/p>\n<div id=\"attachment_87\" style=\"width: 271px\" class=\"wp-caption alignnone\"><img data-opt-id=1658947412  aria-describedby=\"caption-attachment-87\" fetchpriority=\"high\" decoding=\"async\" class=\"size-full wp-image-87\" src=\"https:\/\/mllnxkqaxdhg.i.optimole.com\/w:auto\/h:auto\/q:mauto\/f:best\/https:\/\/bemore-instruments.de\/wp-content\/uploads\/2022\/12\/Screenshot-2022-12-29-at-17.21.06.png\" alt=\"\" width=\"261\" height=\"264\" \/><p id=\"caption-attachment-87\" class=\"wp-caption-text\">Bemore Instruments electronics<\/p><\/div>\n<p>Die Elektronik ist speziell f\u00fcr die Bemore Orgeln-Serie konzipiert und gebaut. Die gesamte Elektronik ist extrem hochwertig und hat einen sehr geringen Stromverbrauch.<\/p>\n<p><b>Kunden-support<br \/>\n<\/b>wie es sein sollte<\/p>\n<p>Bemore Instrumente liefern Sie unterst\u00fctzen in Ihrem eigenen Haus direkt im Ger\u00e4t mit Cat6 UTP-Standleitung<\/p>\n<p><b>Soundklarheit<br \/>\n<\/b>BMS Music-Technologie<\/p>\n<p>Bisher nie erreichte Soundklarheit und Klangf\u00fclle durch die speziell entwickelte BMS Music-Technologie<\/p>\n","protected":false},"excerpt":{"rendered":"<p>Touchscreen-Bildschirm 15,4&#8221; Eine wirklich unkomplizierte Bedienung \u00fcber den gr\u00f6\u00dften und logischsten Touchscreen-Bildschirm, den es bei einer Orgel gibt (15,4&#8221; gestrecktes Touchdisplay). Leichte Bedienbarkeit modernste Technologie Weil die Bemore Orgeln nicht am sprichw\u00f6rtlichen gr\u00fcnen Tisch und allein von Technikern im ,,dunklen K\u00e4mmerlein&#8221; entwickelt, sondern es flossen viele Ideen und W\u00fcnsche von Hobby-Spielern und Profis mit ein. [&hellip;]<\/p>\n","protected":false},"author":1,"featured_media":0,"parent":0,"menu_order":0,"comment_status":"closed","ping_status":"closed","template":"","meta":[],"_links":{"self":[{"href":"https:\/\/bemore-instruments.de\/index.php?rest_route=\/wp\/v2\/pages\/46"}],"collection":[{"href":"https:\/\/bemore-instruments.de\/index.php?rest_route=\/wp\/v2\/pages"}],"about":[{"href":"https:\/\/bemore-instruments.de\/index.php?rest_route=\/wp\/v2\/types\/page"}],"author":[{"embeddable":true,"href":"https:\/\/bemore-instruments.de\/index.php?rest_route=\/wp\/v2\/users\/1"}],"replies":[{"embeddable":true,"href":"https:\/\/bemore-instruments.de\/index.php?rest_route=%2Fwp%2Fv2%2Fcomments&post=46"}],"version-history":[{"count":3,"href":"https:\/\/bemore-instruments.de\/index.php?rest_route=\/wp\/v2\/pages\/46\/revisions"}],"predecessor-version":[{"id":93,"href":"https:\/\/bemore-instruments.de\/index.php?rest_route=\/wp\/v2\/pages\/46\/revisions\/93"}],"wp:attachment":[{"href":"https:\/\/bemore-instruments.de\/index.php?rest_route=%2Fwp%2Fv2%2Fmedia&parent=46"}],"curies":[{"name":"wp","href":"https:\/\/api.w.org\/{rel}","templated":true}]}}